{"id":13973,"date":"2021-03-30T14:55:55","date_gmt":"2021-03-30T12:55:55","guid":{"rendered":"https:\/\/woods.stage.grafi.se\/shop\/uncategorized\/woods-ds40fs\/"},"modified":"2021-04-27T08:45:22","modified_gmt":"2021-04-27T06:45:22","slug":"woods-ds40fs","status":"publish","type":"product","link":"https:\/\/woods.se\/en\/shop\/dehumidifiers\/woods-ds40fs\/","title":{"rendered":"Wood\u2019s DS40FS"},"content":{"rendered":"<h2>Extra power for your laundry and basement!<\/h2>\n<p>Wood\u2019s DS40FS is the best choice when you want to dry laundry quickly and at the same time dehumidify the basement. Wood\u2019s DS40FS has a powerful compressor and air flow, resulting in very high capacity. That makes the DS40FS ideal for laundry, or for larger basements or similar areas.<\/p>\n<h3>Dry laundry quickly, energy saving and without wear!<\/h3>\n<p>DS40FS is a powerful and energy efficient dehumidifier, especially developed to dry laundry. The thin air exhaust on the top of the unit blow-dries the laundry, shortening the drying time. In addition, the DS40FS will also keep your house free from damp and mildew.<\/p>\n<p>Wood\u2019s DS40FS has a spacious water bucket of 5,6 litres, hose connection for direct water drainage and a step-less humidistat. When your set humidity level is reached, the dehumidifier will automatically shut off.<\/p>\n","protected":false},"excerpt":{"rendered":"<p>Wood\u2019s DS40FS \u00e4r det b\u00e4sta valet d\u00e5 du vill torka tv\u00e4tten snabbt och skonsamt, samtidigt som du avfuktar k\u00e4llaren!<\/p>\n","protected":false},"featured_media":2526,"comment_status":"open","ping_status":"closed","template":"","meta":[],"_links":{"self":[{"href":"https:\/\/woods.se\/en\/wp-json\/wp\/v2\/product\/13973"}],"collection":[{"href":"https:\/\/woods.se\/en\/wp-json\/wp\/v2\/product"}],"about":[{"href":"https:\/\/woods.se\/en\/wp-json\/wp\/v2\/types\/product"}],"replies":[{"embeddable":true,"href":"https:\/\/woods.se\/en\/wp-json\/wp\/v2\/comments?post=13973"}],"wp:featuredmedia":[{"embeddable":true,"href":"https:\/\/woods.se\/en\/wp-json\/wp\/v2\/media\/2526"}],"wp:attachment":[{"href":"https:\/\/woods.se\/en\/wp-json\/wp\/v2\/media?parent=13973"}],"curies":[{"name":"wp","href":"https:\/\/api.w.org\/{rel}","templated":true}]}}