{"id":13808,"date":"2021-04-12T11:26:29","date_gmt":"2021-04-12T09:26:29","guid":{"rendered":"https:\/\/woods.stage.grafi.se\/shop\/uncategorized\/t-koppling-till-silikonslang\/"},"modified":"2021-05-06T08:58:36","modified_gmt":"2021-05-06T06:58:36","slug":"t-koppling-till-silikonslang","status":"publish","type":"product","link":"https:\/\/woods.se\/en\/shop\/ozone-generator\/t-koppling-till-silikonslang\/","title":{"rendered":"T-koppling till silikonslang"},"content":{"rendered":"<p>T-koppling till silikonslang. Anv\u00e4nds till att f\u00f6rgrena slangen s\u00e5 att ozonet kan ledas \u00e5t olika h\u00e5ll.<\/p>\n","protected":false},"excerpt":{"rendered":"<p>T-koppling till silikonslang.<\/p>\n","protected":false},"featured_media":13201,"comment_status":"open","ping_status":"closed","template":"","meta":[],"_links":{"self":[{"href":"https:\/\/woods.se\/en\/wp-json\/wp\/v2\/product\/13808"}],"collection":[{"href":"https:\/\/woods.se\/en\/wp-json\/wp\/v2\/product"}],"about":[{"href":"https:\/\/woods.se\/en\/wp-json\/wp\/v2\/types\/product"}],"replies":[{"embeddable":true,"href":"https:\/\/woods.se\/en\/wp-json\/wp\/v2\/comments?post=13808"}],"wp:featuredmedia":[{"embeddable":true,"href":"https:\/\/woods.se\/en\/wp-json\/wp\/v2\/media\/13201"}],"wp:attachment":[{"href":"https:\/\/woods.se\/en\/wp-json\/wp\/v2\/media?parent=13808"}],"curies":[{"name":"wp","href":"https:\/\/api.w.org\/{rel}","templated":true}]}}