{"id":13805,"date":"2021-04-12T10:57:45","date_gmt":"2021-04-12T08:57:45","guid":{"rendered":"https:\/\/woods.stage.grafi.se\/shop\/uncategorized\/ozonror-woods-airmaster-woz-2000\/"},"modified":"2021-06-07T10:09:53","modified_gmt":"2021-06-07T08:09:53","slug":"ozonror-woods-airmaster-woz-2000","status":"publish","type":"product","link":"https:\/\/woods.se\/en\/shop\/ozone-generator\/ozonror-woods-airmaster-woz-2000\/","title":{"rendered":"Ozonr\u00f6r Wood\u2019s Airmaster WOZ 2000"},"content":{"rendered":"<p><strong>Ozonr\u00f6r till Wood\u2019s Airmaster WOZ 2000 (tidigare BLC 2000). Ozonr\u00f6ret \u00e4r en f\u00f6rslitningsdetalj och m\u00e5ste bytas med tiden.<\/strong><br \/>\n<strong>Vi rekommenderar byte en g\u00e5ng per \u00e5r.<\/strong><\/p>\n<p>I samband med byte av ozonr\u00f6ret s\u00e5 b\u00f6r man reng\u00f6ra ozonaggregatet.<\/p>\n","protected":false},"excerpt":{"rendered":"<p>Ozonr\u00f6r till Wood\u2019s Airmaster WOZ 2000 (tidigare BLC 2000).<\/p>\n","protected":false},"featured_media":14862,"comment_status":"open","ping_status":"closed","template":"","meta":[],"_links":{"self":[{"href":"https:\/\/woods.se\/en\/wp-json\/wp\/v2\/product\/13805"}],"collection":[{"href":"https:\/\/woods.se\/en\/wp-json\/wp\/v2\/product"}],"about":[{"href":"https:\/\/woods.se\/en\/wp-json\/wp\/v2\/types\/product"}],"replies":[{"embeddable":true,"href":"https:\/\/woods.se\/en\/wp-json\/wp\/v2\/comments?post=13805"}],"wp:featuredmedia":[{"embeddable":true,"href":"https:\/\/woods.se\/en\/wp-json\/wp\/v2\/media\/14862"}],"wp:attachment":[{"href":"https:\/\/woods.se\/en\/wp-json\/wp\/v2\/media?parent=13805"}],"curies":[{"name":"wp","href":"https:\/\/api.w.org\/{rel}","templated":true}]}}