{"id":13798,"date":"2021-04-01T13:37:06","date_gmt":"2021-04-01T11:37:06","guid":{"rendered":"https:\/\/woods.stage.grafi.se\/shop\/uncategorized\/privat-ozonmatare\/"},"modified":"2021-05-06T08:53:22","modified_gmt":"2021-05-06T06:53:22","slug":"privat-ozonmatare","status":"publish","type":"product","link":"https:\/\/woods.se\/en\/shop\/ozone-generator\/privat-ozonmatare\/","title":{"rendered":"Privat: Ozonm\u00e4tare"},"content":{"rendered":"<p>Wood\u2019s Airmaster Ozonm\u00e4tare m\u00e4ter markn\u00e4ra, naturligt ozon eller ozon som tillverkas p\u00e5 teknisk v\u00e4g \u2013 redan vid l\u00e5ga koncentrationer utg\u00f6r ozon en h\u00f6g riskpotential i omgivningsluften. Att iaktta obet\u00e4nkliga ozongr\u00e4nsv\u00e4rden \u00e4r inte bara viktigt f\u00f6r att skydda h\u00e4lsan utan \u00e4r i m\u00e5nga l\u00e4nder entydigt lagligt reglerat och f\u00f6reskrivet.<\/p>\n<p>Med Wood\u2019s Airmasters ozonm\u00e4tare har du ett optimalt kontrollinstrument f\u00f6r en snabb och exakt kontroll eller f\u00f6r l\u00e5ngtidsm\u00e4tning av ozonkoncentrationen i omgivningsluften.<\/p>\n<p>Wood\u2019s Airmaster ozonm\u00e4tare utm\u00e4rker sig genom en mycket l\u00e5g tv\u00e4rk\u00e4nslighet gentemot andra gaser eller VOCs och \u00f6vertygar med snabba m\u00e4tresultat med h\u00f6g precision redan vid minsta ozonkoncentration.<\/p>\n<p>Dessutom \u00e4r denna apparat en kompakt, b\u00e4rbar milj\u00f6m\u00e4tare med vilken \u00e4ven lufttemperaturen och luftfuktigheten kan m\u00e4tas eller daggpunkts- och v\u00e5tkulstemperaturen kan ber\u00e4knas. M\u00e4taren har en dualvisning som alltid visar tv\u00e5 m\u00e4tv\u00e4rden samtidigt.<\/p>\n","protected":false},"excerpt":{"rendered":"<p>Wood\u2019s Airmaster Ozonm\u00e4tare m\u00e4ter markn\u00e4ra, naturligt ozon eller ozon som tillverkas p\u00e5 teknisk v\u00e4g \u2013 redan vid l\u00e5ga koncentrationer utg\u00f6r ozon en h\u00f6g riskpotential i omgivningsluften.<\/p>\n","protected":false},"featured_media":12009,"comment_status":"open","ping_status":"closed","template":"","meta":[],"_links":{"self":[{"href":"https:\/\/woods.se\/en\/wp-json\/wp\/v2\/product\/13798"}],"collection":[{"href":"https:\/\/woods.se\/en\/wp-json\/wp\/v2\/product"}],"about":[{"href":"https:\/\/woods.se\/en\/wp-json\/wp\/v2\/types\/product"}],"replies":[{"embeddable":true,"href":"https:\/\/woods.se\/en\/wp-json\/wp\/v2\/comments?post=13798"}],"wp:featuredmedia":[{"embeddable":true,"href":"https:\/\/woods.se\/en\/wp-json\/wp\/v2\/media\/12009"}],"wp:attachment":[{"href":"https:\/\/woods.se\/en\/wp-json\/wp\/v2\/media?parent=13798"}],"curies":[{"name":"wp","href":"https:\/\/api.w.org\/{rel}","templated":true}]}}