{"id":13771,"date":"2021-04-01T14:16:51","date_gmt":"2021-04-01T12:16:51","guid":{"rendered":"https:\/\/woods.stage.grafi.se\/shop\/uncategorized\/woods-air-quality-monitor\/"},"modified":"2021-04-21T16:11:33","modified_gmt":"2021-04-21T14:11:33","slug":"woods-air-quality-monitor","status":"publish","type":"product","link":"https:\/\/woods.se\/en\/shop\/accessories\/woods-air-quality-monitor\/","title":{"rendered":"Wood\u2019s Air Quality Monitor AQM-001"},"content":{"rendered":"<p>528\/5000<\/p>\n<h2>Wood\u2019s Air Quality Monitor is a portable and handheld laser PM2.5 detector<\/h2>\n<p>Knowing what is in the air you breathe is vital.\u00a0With Wood\u2019s Air Quality Monitor you can measure and control the quality of your indoor air.\u00a0Indoors, the air can be two to five times more polluted than the air outdoors, according to U.S. Pat.\u00a0Environmental Protection Agency.\u00a0Many of us also spend up to 90% of our time indoors.\u00a0How is the quality of the air you breathe in?\u00a0Discover airborne particles with Wood\u2019s Air Quality Monitor.<\/p>\n<p>Woods Air Quality Monitor is a portable and handheld laser PM2.5 detector.<br \/>\nThe detector is based on laser particle technology. It can accurately calculate the different number of particles of particles in the air (PM1, PM2.5 and PM10). The monitor has a built-in color LCD screen that provides easy and clear air quality information 5 m around the monitor. It contains one rechargeable lithium battery so you can easily move it around the house, your car or an office.<\/p>\n","protected":false},"excerpt":{"rendered":"<p>Wood\u2019s Air Quality Monitor \u00e4r en b\u00e4rbar och handh\u00e5llen laser PM2.5 detektor<\/p>\n","protected":false},"featured_media":12076,"comment_status":"open","ping_status":"closed","template":"","meta":[],"_links":{"self":[{"href":"https:\/\/woods.se\/en\/wp-json\/wp\/v2\/product\/13771"}],"collection":[{"href":"https:\/\/woods.se\/en\/wp-json\/wp\/v2\/product"}],"about":[{"href":"https:\/\/woods.se\/en\/wp-json\/wp\/v2\/types\/product"}],"replies":[{"embeddable":true,"href":"https:\/\/woods.se\/en\/wp-json\/wp\/v2\/comments?post=13771"}],"wp:featuredmedia":[{"embeddable":true,"href":"https:\/\/woods.se\/en\/wp-json\/wp\/v2\/media\/12076"}],"wp:attachment":[{"href":"https:\/\/woods.se\/en\/wp-json\/wp\/v2\/media?parent=13771"}],"curies":[{"name":"wp","href":"https:\/\/api.w.org\/{rel}","templated":true}]}}