{"id":13764,"date":"2021-03-29T08:37:55","date_gmt":"2021-03-29T06:37:55","guid":{"rendered":"https:\/\/woods.stage.grafi.se\/shop\/uncategorized\/woods-airmaster-woz400\/"},"modified":"2021-06-01T09:12:35","modified_gmt":"2021-06-01T07:12:35","slug":"woods-airmaster-woz400","status":"publish","type":"product","link":"https:\/\/woods.se\/en\/shop\/ozone-generator\/woods-airmaster-woz400\/","title":{"rendered":"Wood\u2019s Airmaster WOZ400"},"content":{"rendered":"<h2>Det svensktillverkade luktsaneringsaggregatet \u2013 tar effektivt bort obehagliga lukter \u00f6verallt!<\/h2>\n<h3>En Svensk Produkt<\/h3>\n<p>Wood\u2019s Airmaster \u00e4r byggd i Sverige i rostfritt svenskt st\u00e5l, f\u00f6r att t\u00e5la tuffa driftf\u00f6rh\u00e5llanden \u00e5r efter \u00e5r. Wood\u2019s Airmaster 400 \u00e4r b\u00e4rbar och anv\u00e4nds vid professionell luktsanering efter brand och vattenskador. WOZ400 monteras enkelt p\u00e5 v\u00e4ggen vid fastinstallation f\u00f6r permanent luktborttagning i \u00e5tervinningsrum, pumpstationer, ventilationssystem samt vid vattenrening.<\/p>\n<h3>S\u00e5 h\u00e4r fungerar det<\/h3>\n<p>Wood\u2019s Airmaster genererar ozon, som \u00e4ven kallas aktivt syre. Ozonet attackerar och neutraliserar de irriterande molekyler i luften som orsakar d\u00e5lig lukt, s\u00e5 att de f\u00f6rsvinner f\u00f6r gott.<\/p>\n<p>Wood\u2019s Airmaster WOZ 400 \u00e4r ett litet b\u00e4rbart luktsaneringsaggregat som snabbt och effektivt eliminerar olika lukter fr\u00e5n tex. nikotin, r\u00f6k, fukt, m\u00f6gel och husdjur. Enheten l\u00e4mpar sig f\u00f6r effektiv luktborttagning i bost\u00e4der, k\u00f6k, hotellrum,\u00a0 hygienutrymmen, b\u00e5tar och bilar.<\/p>\n<p>Wood\u2019s Airmaster WOZ 400 drivs med 12 Volt och kan d\u00e4rmed \u00e4ven anv\u00e4ndas p\u00e5 platser d\u00e4r man inte har 230 Volt tillg\u00e4ngligt. Kan enkelt anslutas via cigarett\u00e4ndaruttaget i bil eller lastbil via extra tillbeh\u00f6ret, cigarett\u00e4ndarkabel.<\/p>\n<p>Wood\u2019s Airmaster WOZ 400 arbetar med ozonr\u00f6r, en robust och p\u00e5litlig teknik, l\u00e4mplig i tuffa milj\u00f6er. Ozonr\u00f6rstekniken m\u00f6jligg\u00f6r \u00e4ven slangkoppling.<br \/>\nSlanganslutning anv\u00e4nds f\u00f6r koppling mot ventilation, fettavskiljare, vattenrening samt f\u00f6r att ozonbehandla sv\u00e5r\u00e5tkomliga utrymmen, som tex i en mellanv\u00e4gg, under ett golv eller klimatanl\u00e4ggningen i bil.<\/p>\n<ul>\n<li>L\u00e4tthanterlig enhet med b\u00e4rhandtag<\/li>\n<li>H\u00f6geffektiv omvandling till ozon<\/li>\n<li>Lackat rostfritt st\u00e5l<\/li>\n<li>Kan enkelt v\u00e4ggmonteras<\/li>\n<li>L\u00e5g energikonsumtion<\/li>\n<li>Enkel slanganslutning via nippel<\/li>\n<li>Svensktillverkad<\/li>\n<li><a href=\"https:\/\/www.euota.org\/\">Medlem i European Ozone trade association (EUOTA) och del\u00e4gare i EUOTAS Ozone-dossier f\u00f6r verksamma biocid\u00e4mnen.<\/a><\/li>\n<\/ul>\n<p><img loading=\"lazy\" class=\"alignnone wp-image-9726\" src=\"https:\/\/woods.se\/wp-content\/uploads\/2021\/03\/euota-logo2x.png\" alt=\"\" width=\"232\" height=\"58\" srcset=\"https:\/\/woods.se\/wp-content\/uploads\/2021\/03\/euota-logo2x.png 392w, https:\/\/woods.se\/wp-content\/uploads\/2021\/03\/euota-logo2x-300x75.png 300w\" sizes=\"(max-width: 232px) 100vw, 232px\" \/><\/p>\n<p><img loading=\"lazy\" class=\"alignnone wp-image-9052\" style=\"font-size: 1.8rem;\" src=\"https:\/\/woods.se\/wp-content\/uploads\/2021\/03\/made-in-sweden-100.jpeg\" alt=\"\" width=\"159\" height=\"225\" srcset=\"https:\/\/woods.se\/wp-content\/uploads\/2021\/03\/made-in-sweden-100.jpeg 596w, https:\/\/woods.se\/wp-content\/uploads\/2021\/03\/made-in-sweden-100-212x300.jpeg 212w\" sizes=\"(max-width: 159px) 100vw, 159px\" \/><\/p>\n","protected":false},"excerpt":{"rendered":"<p>Wood\u2019s Airmaster \u00e4r byggd i Sverige i rostfritt svenskt st\u00e5l, f\u00f6r att t\u00e5la tuffa driftf\u00f6rh\u00e5llanden \u00e5r efter \u00e5r. Wood\u2019s Airmaster 400 \u00e4r b\u00e4rbar och anv\u00e4nds vid professionell luktsanering efter brand och vattenskador.<\/p>\n","protected":false},"featured_media":3828,"comment_status":"open","ping_status":"closed","template":"","meta":[],"_links":{"self":[{"href":"https:\/\/woods.se\/en\/wp-json\/wp\/v2\/product\/13764"}],"collection":[{"href":"https:\/\/woods.se\/en\/wp-json\/wp\/v2\/product"}],"about":[{"href":"https:\/\/woods.se\/en\/wp-json\/wp\/v2\/types\/product"}],"replies":[{"embeddable":true,"href":"https:\/\/woods.se\/en\/wp-json\/wp\/v2\/comments?post=13764"}],"wp:featuredmedia":[{"embeddable":true,"href":"https:\/\/woods.se\/en\/wp-json\/wp\/v2\/media\/3828"}],"wp:attachment":[{"href":"https:\/\/woods.se\/en\/wp-json\/wp\/v2\/media?parent=13764"}],"curies":[{"name":"wp","href":"https:\/\/api.w.org\/{rel}","templated":true}]}}